{"id":180,"date":"2014-02-15T20:36:58","date_gmt":"2014-02-15T19:36:58","guid":{"rendered":"http:\/\/www.fkschwampel.net\/?page_id=180"},"modified":"2023-08-05T13:27:47","modified_gmt":"2023-08-05T11:27:47","slug":"kontakt","status":"publish","type":"page","link":"http:\/\/www.fkschwampel.net\/?page_id=180","title":{"rendered":"Kontakt"},"content":{"rendered":"<h3><strong>Anschrift FK Schwampel<\/strong><\/h3>\n<p>J\u00f6rg Mai<br \/>\nNeckarstr. 9<br \/>\n73728 Esslingen<\/p>\n<h3><strong>Spielst\u00e4tte FK Schwampel<\/strong><\/h3>\n<p>K\u00f6nigstr\u00e4\u00dfle 15<br \/>\n70597 Stuttgart<\/p>\n<h3><strong><br \/>\nKontaktformular<\/strong><\/h3>\n<p>Du willst bei uns mitmachen, ein Freundschaftsspiel gegen dein Team vereinbaren, oder einfach &#8222;Hallo&#8220; sagen? Wir freuen uns \u00fcber Deine Nachricht!<\/p>\n<div role=\"form\" class=\"wpcf7\" id=\"wpcf7-f4177-o1\" lang=\"de-DE\" dir=\"ltr\">\n<div class=\"screen-reader-response\"><p role=\"status\" aria-live=\"polite\" aria-atomic=\"true\"><\/p> <ul><\/ul><\/div>\n<form action=\"\/index.php?rest_route=%2Fwp%2Fv2%2Fpages%2F180#wpcf7-f4177-o1\" method=\"post\" class=\"wpcf7-form init\" novalidate=\"novalidate\" data-status=\"init\">\n<div style=\"display: none;\">\n<input type=\"hidden\" name=\"_wpcf7\" value=\"4177\" \/>\n<input type=\"hidden\" name=\"_wpcf7_version\" value=\"5.6.2\" \/>\n<input type=\"hidden\" name=\"_wpcf7_locale\" value=\"de_DE\" \/>\n<input type=\"hidden\" name=\"_wpcf7_unit_tag\" value=\"wpcf7-f4177-o1\" \/>\n<input type=\"hidden\" name=\"_wpcf7_container_post\" value=\"0\" \/>\n<input type=\"hidden\" name=\"_wpcf7_posted_data_hash\" value=\"\" \/>\n<\/div>\n<p><label> Dein Name<br \/>\n    <span class=\"wpcf7-form-control-wrap\" data-name=\"your-name\"><input type=\"text\" name=\"your-name\" value=\"\" size=\"40\" class=\"wpcf7-form-control wpcf7-text wpcf7-validates-as-required\" aria-required=\"true\" aria-invalid=\"false\" \/><\/span> <\/label><\/p>\n<p><label> Deine E-Mail-Adresse<br \/>\n    <span class=\"wpcf7-form-control-wrap\" data-name=\"your-email\"><input type=\"email\" name=\"your-email\" value=\"\" size=\"40\" class=\"wpcf7-form-control wpcf7-text wpcf7-email wpcf7-validates-as-required wpcf7-validates-as-email\" aria-required=\"true\" aria-invalid=\"false\" \/><\/span> <\/label><\/p>\n<p><label> Betreff<br \/>\n    <span class=\"wpcf7-form-control-wrap\" data-name=\"your-subject\"><input type=\"text\" name=\"your-subject\" value=\"\" size=\"40\" class=\"wpcf7-form-control wpcf7-text wpcf7-validates-as-required\" aria-required=\"true\" aria-invalid=\"false\" \/><\/span> <\/label><\/p>\n<p><span id=\"wpcf7-69e202345cfb2-wrapper\" class=\"wpcf7-form-control-wrap deineurl-379-wrap\" ><label for=\"wpcf7-69e202345cfb2-field\" class=\"hp-message\">Bitte lasse dieses Feld leer.<\/label><input id=\"wpcf7-69e202345cfb2-field\"  class=\"wpcf7-form-control wpcf7-text\" type=\"text\" name=\"deineurl-379\" value=\"\" size=\"40\" tabindex=\"-1\" autocomplete=\"new-password\" \/><\/span><\/p>\n<p><label> Deine Nachricht (optional)<br \/>\n    <span class=\"wpcf7-form-control-wrap\" data-name=\"your-message\"><textarea name=\"your-message\" cols=\"40\" rows=\"10\" class=\"wpcf7-form-control wpcf7-textarea\" aria-invalid=\"false\"><\/textarea><\/span> <\/label><\/p>\n<p><input type=\"submit\" value=\"Senden\" class=\"wpcf7-form-control has-spinner wpcf7-submit\" \/><\/p>\n<p style=\"display: none !important;\"><label>&#916;<textarea name=\"_wpcf7_ak_hp_textarea\" cols=\"45\" rows=\"8\" maxlength=\"100\"><\/textarea><\/label><input type=\"hidden\" id=\"ak_js_1\" name=\"_wpcf7_ak_js\" value=\"130\"\/><script>document.getElementById( \"ak_js_1\" ).setAttribute( \"value\", ( new Date() ).getTime() );<\/script><\/p><div class=\"wpcf7-response-output\" aria-hidden=\"true\"><\/div><\/form><\/div>\n","protected":false},"excerpt":{"rendered":"<p>Anschrift FK Schwampel J\u00f6rg Mai Neckarstr. 9 73728 Esslingen Spielst\u00e4tte FK Schwampel K\u00f6nigstr\u00e4\u00dfle 15 70597 Stuttgart Kontaktformular Du willst bei uns mitmachen, ein Freundschaftsspiel gegen dein Team vereinbaren, oder einfach &#8222;Hallo&#8220; sagen? Wir freuen uns \u00fcber Deine Nachricht!<\/p>\n","protected":false},"author":1,"featured_media":0,"parent":46,"menu_order":32,"comment_status":"open","ping_status":"open","template":"","meta":{"ngg_post_thumbnail":0},"aioseo_notices":[],"_links":{"self":[{"href":"http:\/\/www.fkschwampel.net\/index.php?rest_route=\/wp\/v2\/pages\/180"}],"collection":[{"href":"http:\/\/www.fkschwampel.net\/index.php?rest_route=\/wp\/v2\/pages"}],"about":[{"href":"http:\/\/www.fkschwampel.net\/index.php?rest_route=\/wp\/v2\/types\/page"}],"author":[{"embeddable":true,"href":"http:\/\/www.fkschwampel.net\/index.php?rest_route=\/wp\/v2\/users\/1"}],"replies":[{"embeddable":true,"href":"http:\/\/www.fkschwampel.net\/index.php?rest_route=%2Fwp%2Fv2%2Fcomments&post=180"}],"version-history":[{"count":23,"href":"http:\/\/www.fkschwampel.net\/index.php?rest_route=\/wp\/v2\/pages\/180\/revisions"}],"predecessor-version":[{"id":4354,"href":"http:\/\/www.fkschwampel.net\/index.php?rest_route=\/wp\/v2\/pages\/180\/revisions\/4354"}],"up":[{"embeddable":true,"href":"http:\/\/www.fkschwampel.net\/index.php?rest_route=\/wp\/v2\/pages\/46"}],"wp:attachment":[{"href":"http:\/\/www.fkschwampel.net\/index.php?rest_route=%2Fwp%2Fv2%2Fmedia&parent=180"}],"curies":[{"name":"wp","href":"https:\/\/api.w.org\/{rel}","templated":true}]}}