{"id":178,"date":"2014-02-15T20:36:26","date_gmt":"2014-02-15T19:36:26","guid":{"rendered":"http:\/\/www.fkschwampel.net\/?page_id=178"},"modified":"2023-08-05T13:29:33","modified_gmt":"2023-08-05T11:29:33","slug":"anfahrt","status":"publish","type":"page","link":"http:\/\/www.fkschwampel.net\/?page_id=178","title":{"rendered":"Anfahrt"},"content":{"rendered":"<h3><strong>Platzadresse FK Schwampel<\/strong><\/h3>\n<p>FV Germania Degerloch<br \/>\n<span style=\"line-height: 1.5em;\">K\u00f6nigstr\u00e4\u00dfle 15<br \/>\n<\/span><span style=\"line-height: 1.5em;\">70597 Stuttgart<br \/>\n<\/span><\/p>\n<p><span style=\"line-height: 1.5em;\"><span style=\"font-size: 14px; line-height: 1.5em;\"><iframe class=\"google-map\" width=\"584\" height=\"320\" frameborder=\"0\" scrolling=\"no\" marginheight=\"0\" marginwidth=\"0\" src=\"https:\/\/maps.google.com\/maps?safe=off&amp;aq=f&amp;q=k\u00f6nigstr\u00e4\u00dfle+15+70597+stuttgart&amp;ie=UTF8&amp;hq=&amp;hnear=K\u00f6nigstr\u00e4\u00dfle+15+70597+Stuttgart&amp;t=m&amp;z=14&amp;output=embed&amp;iwloc=near\"><\/iframe><br \/>\n<\/span><\/span><\/p>\n<p>&nbsp;<\/p>\n","protected":false},"excerpt":{"rendered":"<p>Platzadresse FK Schwampel FV Germania Degerloch K\u00f6nigstr\u00e4\u00dfle 15 70597 Stuttgart &nbsp;<\/p>\n","protected":false},"author":1,"featured_media":0,"parent":46,"menu_order":33,"comment_status":"open","ping_status":"open","template":"","meta":{"ngg_post_thumbnail":0},"aioseo_notices":[],"_links":{"self":[{"href":"http:\/\/www.fkschwampel.net\/index.php?rest_route=\/wp\/v2\/pages\/178"}],"collection":[{"href":"http:\/\/www.fkschwampel.net\/index.php?rest_route=\/wp\/v2\/pages"}],"about":[{"href":"http:\/\/www.fkschwampel.net\/index.php?rest_route=\/wp\/v2\/types\/page"}],"author":[{"embeddable":true,"href":"http:\/\/www.fkschwampel.net\/index.php?rest_route=\/wp\/v2\/users\/1"}],"replies":[{"embeddable":true,"href":"http:\/\/www.fkschwampel.net\/index.php?rest_route=%2Fwp%2Fv2%2Fcomments&post=178"}],"version-history":[{"count":22,"href":"http:\/\/www.fkschwampel.net\/index.php?rest_route=\/wp\/v2\/pages\/178\/revisions"}],"predecessor-version":[{"id":4355,"href":"http:\/\/www.fkschwampel.net\/index.php?rest_route=\/wp\/v2\/pages\/178\/revisions\/4355"}],"up":[{"embeddable":true,"href":"http:\/\/www.fkschwampel.net\/index.php?rest_route=\/wp\/v2\/pages\/46"}],"wp:attachment":[{"href":"http:\/\/www.fkschwampel.net\/index.php?rest_route=%2Fwp%2Fv2%2Fmedia&parent=178"}],"curies":[{"name":"wp","href":"https:\/\/api.w.org\/{rel}","templated":true}]}}