{"id":160,"date":"2014-02-15T20:28:49","date_gmt":"2014-02-15T19:28:49","guid":{"rendered":"http:\/\/www.fkschwampel.net\/?page_id=160"},"modified":"2015-02-13T14:34:53","modified_gmt":"2015-02-13T13:34:53","slug":"geschichte","status":"publish","type":"page","link":"http:\/\/www.fkschwampel.net\/?page_id=160","title":{"rendered":"Geschichte"},"content":{"rendered":"<h3><b>Die Schwampel-Story<\/b><\/h3>\n<p>Der FK Schwampel\u00a0 ist ein junger Verein mit unkomplizierten Strukturen, der Spass am Fussball steht bei uns im Vordergrund. Nach der Gr\u00fcndung im Jahre 2007 spielten wir in der Kleinfeldrunde des WFV mit, im Jahr 2009 traten wir der Staffel 1 der WFV Freizeitliga bei. Seit 2015 spielen wir in Staffel 2 der WFV Freizeitliga. Organisatorisch sind wir als Abteilung Freizeitfussball dem TSV 07 Stuttgart zugeordnet.<\/p>\n<h3><b><br \/>\nWas bedeutet eigentlich der Name?<\/b><\/h3>\n<p>Der Name \u201eFu\u00dfballklub Schwampel Stuttgart\u201c entstand im Sommer 2006 auf einer Zugfahrt zum WM-Spitzenspiel Togo gg. S\u00fcdkorea, nach Ausschluss aller anderen \u201ekultigen\u201c Namen.<\/p>\n<p>Man grenzte sich mit dem K\u00fcrzel FK schon von Beginn an von Millionen anderer Fu\u00dfballvereine, die \u201eFC\u201c im Namen tragen ab.<\/p>\n<p>Als Namensrelikt w\u00e4hlte man den Begriff \u201eSchwampel\u201c. Im politischen Sinne wird mit \u201eSchwampel\u201c eine \u00b4Schwarze-Ampel\u00b4 also eine schwarz-gelb-gr\u00fcne Kombination bezeichnet. Und da der Verein sowohl von \u201eBlauen\u201c (Kickers) als auch \u201eRoten\u201c (VFB) Fu\u00dfballfans gegr\u00fcndet wurde, war das die Einzige unbelastete Kombination. Der Begriff \u201eSchwampel\u201c assoziiert also schlicht die Vereinsfarben.<\/p>\n<p>Nat\u00fcrlich ist der Verein \u00fcberparteilich und viele der Mitglieder k\u00f6nnen sich nichts schlimmeres vorstellen, als eine sogenannte \u201eSchwampel-Koalition\u201c.<\/p>\n<p>Oft sagt man zu einer &#8222;Schwampel-Koalition&#8220; auch &#8222;Jamaikakoalition&#8220; und so orientierten wir uns bez\u00fcglich des Trikots am Vorbild Jamaikas.<\/p>\n<h3><b><br \/>\nZiele und Werte<\/b><\/h3>\n<p>Grundlage unserer Entwicklung ist und bleibt unser ausgepr\u00e4gter Teamgeist und der Wille, niemals aufzugeben, egal wie es steht. So hat der FK Schwampel in den Jahren seit seiner Gr\u00fcndung eine rasante Entwicklung durchlaufen. Was als Kick unter Freunden auf dem Acker begann, findet wie oben erw\u00e4hnt, nun auf den Kunstrasen- und Rasenpl\u00e4tzen der Region seine Fortsetzung. Wir haben in der Freizeitliga viel Lehrgeld bezahlt, uns aber stetig weiterentwickelt, und sind inzwischen sportlich absolut konkurrenzf\u00e4hig. Unser Ziel ist es, uns immer zu verbessern, uns weiter zu etablieren und dabei nie das wichtigste aus den Augen zu verlieren \u2013 den Spass an der sch\u00f6nsten Nebensache der Welt, dem Fussball!<\/p>\n<h3><b><br \/>\nIn diesem Sinne: Viva la Schwampel! Auf weitere erfolgreiche Jahre!<\/b><\/h3>\n<p><b>\u00a0<\/b><\/p>\n","protected":false},"excerpt":{"rendered":"<p>Die Schwampel-Story Der FK Schwampel\u00a0 ist ein junger Verein mit unkomplizierten Strukturen, der Spass am Fussball steht bei uns im Vordergrund. Nach der Gr\u00fcndung im Jahre 2007 spielten wir in der Kleinfeldrunde des WFV mit, im Jahr 2009 traten wir der Staffel 1 der WFV Freizeitliga bei. Seit 2015 spielen wir in Staffel 2 der [&hellip;]<\/p>\n","protected":false},"author":1,"featured_media":0,"parent":151,"menu_order":18,"comment_status":"open","ping_status":"open","template":"","meta":{"ngg_post_thumbnail":0},"aioseo_notices":[],"_links":{"self":[{"href":"http:\/\/www.fkschwampel.net\/index.php?rest_route=\/wp\/v2\/pages\/160"}],"collection":[{"href":"http:\/\/www.fkschwampel.net\/index.php?rest_route=\/wp\/v2\/pages"}],"about":[{"href":"http:\/\/www.fkschwampel.net\/index.php?rest_route=\/wp\/v2\/types\/page"}],"author":[{"embeddable":true,"href":"http:\/\/www.fkschwampel.net\/index.php?rest_route=\/wp\/v2\/users\/1"}],"replies":[{"embeddable":true,"href":"http:\/\/www.fkschwampel.net\/index.php?rest_route=%2Fwp%2Fv2%2Fcomments&post=160"}],"version-history":[{"count":10,"href":"http:\/\/www.fkschwampel.net\/index.php?rest_route=\/wp\/v2\/pages\/160\/revisions"}],"predecessor-version":[{"id":2651,"href":"http:\/\/www.fkschwampel.net\/index.php?rest_route=\/wp\/v2\/pages\/160\/revisions\/2651"}],"up":[{"embeddable":true,"href":"http:\/\/www.fkschwampel.net\/index.php?rest_route=\/wp\/v2\/pages\/151"}],"wp:attachment":[{"href":"http:\/\/www.fkschwampel.net\/index.php?rest_route=%2Fwp%2Fv2%2Fmedia&parent=160"}],"curies":[{"name":"wp","href":"https:\/\/api.w.org\/{rel}","templated":true}]}}