{"id":1303,"date":"2014-03-22T22:43:28","date_gmt":"2014-03-22T21:43:28","guid":{"rendered":"http:\/\/www.fkschwampel.net\/?page_id=1303"},"modified":"2014-04-29T00:11:09","modified_gmt":"2014-04-28T22:11:09","slug":"sindelfinger-glaspalast-2009","status":"publish","type":"page","link":"http:\/\/www.fkschwampel.net\/?page_id=1303","title":{"rendered":"Sindelfinger Glaspalast 2009"},"content":{"rendered":"<section><h3>Ergebnisse<\/h3><table class=\"tb_fixtures tb_matches tb_results-normal tb_matches-normal\">\r\n\t\t\t<thead><tr class=\"labels\"><th class=\"date first\">Datum<\/th><th class=\"home\">Heimmannschaft<\/th>\r\n\t\t\t\t<th class=\"away\">Ausw\u00e4rtsmannschaft<\/th><th class=\"competition\">Wettbewerb<\/th><th class=\"goals\">Ergebnis<\/th><\/tr><\/thead>\r\n\t\t<tbody><tr class=\"odd \"><th class=\"date\"><a href=\"http:\/\/www.fkschwampel.net\/?tb_match=1317\">3. November 2009<\/a><\/td><td class=\"home\"><a class=\"tb-club-link\" href=\"http:\/\/www.fkschwampel.net\/?tb_club=fk-schwampel\"><img width=\"25\" height=\"25\" src=\"http:\/\/www.fkschwampel.net\/fks_wp\/wp-content\/uploads\/2014\/02\/fks_logo-25x25.png\" class=\"crest-home crest wp-post-image\" alt=\"\" loading=\"lazy\" title=\"FK Schwampel\" srcset=\"http:\/\/www.fkschwampel.net\/fks_wp\/wp-content\/uploads\/2014\/02\/fks_logo-25x25.png 25w, http:\/\/www.fkschwampel.net\/fks_wp\/wp-content\/uploads\/2014\/02\/fks_logo-100x100.png 100w, http:\/\/www.fkschwampel.net\/fks_wp\/wp-content\/uploads\/2014\/02\/fks_logo-50x50.png 50w, http:\/\/www.fkschwampel.net\/fks_wp\/wp-content\/uploads\/2014\/02\/fks_logo-119x120.png 119w, http:\/\/www.fkschwampel.net\/fks_wp\/wp-content\/uploads\/2014\/02\/fks_logo.png 147w\" sizes=\"(max-width: 25px) 100vw, 25px\" \/>FK Schwampel<\/a><\/td>\r\n\t\t\t\t\t<td class=\"away\"><a class=\"tb-club-link\" href=\"http:\/\/www.fkschwampel.net\/?tb_club=sv-aach-eigeltingen\"><img width=\"25\" height=\"25\" src=\"http:\/\/www.fkschwampel.net\/fks_wp\/wp-content\/uploads\/2014\/03\/SV-Aach-Eigeltingen-25x25.gif\" class=\"crest-away crest wp-post-image\" alt=\"\" loading=\"lazy\" title=\"SV Aach-Eigeltingen\" srcset=\"http:\/\/www.fkschwampel.net\/fks_wp\/wp-content\/uploads\/2014\/03\/SV-Aach-Eigeltingen-25x25.gif 25w, http:\/\/www.fkschwampel.net\/fks_wp\/wp-content\/uploads\/2014\/03\/SV-Aach-Eigeltingen.gif 100w, http:\/\/www.fkschwampel.net\/fks_wp\/wp-content\/uploads\/2014\/03\/SV-Aach-Eigeltingen-50x50.gif 50w\" sizes=\"(max-width: 25px) 100vw, 25px\" \/>SV Aach-Eigeltingen<\/a><\/td><td class=\"competition\">2009 \/ Sindelfinger Glaspalast<br \/><\/td><td class=\"goals\">0 - 4<\/td><\/tr><tr class=\"even \"><th class=\"date\"><a href=\"http:\/\/www.fkschwampel.net\/?tb_match=1318\">3. Januar 2009<\/a><\/td><td class=\"home\"><a class=\"tb-club-link\" href=\"http:\/\/www.fkschwampel.net\/?tb_club=fk-schwampel\"><img width=\"25\" height=\"25\" src=\"http:\/\/www.fkschwampel.net\/fks_wp\/wp-content\/uploads\/2014\/02\/fks_logo-25x25.png\" class=\"crest-home crest wp-post-image\" alt=\"\" loading=\"lazy\" title=\"FK Schwampel\" srcset=\"http:\/\/www.fkschwampel.net\/fks_wp\/wp-content\/uploads\/2014\/02\/fks_logo-25x25.png 25w, http:\/\/www.fkschwampel.net\/fks_wp\/wp-content\/uploads\/2014\/02\/fks_logo-100x100.png 100w, http:\/\/www.fkschwampel.net\/fks_wp\/wp-content\/uploads\/2014\/02\/fks_logo-50x50.png 50w, http:\/\/www.fkschwampel.net\/fks_wp\/wp-content\/uploads\/2014\/02\/fks_logo-119x120.png 119w, http:\/\/www.fkschwampel.net\/fks_wp\/wp-content\/uploads\/2014\/02\/fks_logo.png 147w\" sizes=\"(max-width: 25px) 100vw, 25px\" \/>FK Schwampel<\/a><\/td>\r\n\t\t\t\t\t<td class=\"away\"><a class=\"tb-club-link\" href=\"http:\/\/www.fkschwampel.net\/?tb_club=sv-tuerkguecue-braeunlingen\"><img width=\"25\" height=\"25\" src=\"http:\/\/www.fkschwampel.net\/fks_wp\/wp-content\/uploads\/2014\/03\/SV-T\u00fcrkg\u00fcc\u00fc-Br\u00e4unlingen-25x25.jpg\" class=\"crest-away crest wp-post-image\" alt=\"\" loading=\"lazy\" title=\"SV T\u00fcrkg\u00fcc\u00fc Br\u00e4unlingen\" srcset=\"http:\/\/www.fkschwampel.net\/fks_wp\/wp-content\/uploads\/2014\/03\/SV-T\u00fcrkg\u00fcc\u00fc-Br\u00e4unlingen-25x25.jpg 25w, http:\/\/www.fkschwampel.net\/fks_wp\/wp-content\/uploads\/2014\/03\/SV-T\u00fcrkg\u00fcc\u00fc-Br\u00e4unlingen.jpg 100w, http:\/\/www.fkschwampel.net\/fks_wp\/wp-content\/uploads\/2014\/03\/SV-T\u00fcrkg\u00fcc\u00fc-Br\u00e4unlingen-50x50.jpg 50w\" sizes=\"(max-width: 25px) 100vw, 25px\" \/>SV T\u00fcrkg\u00fcc\u00fc Br\u00e4unlingen<\/a><\/td><td class=\"competition\">2009 \/ Sindelfinger Glaspalast<br \/><\/td><td class=\"goals\">0 - 3<\/td><\/tr><tr class=\"odd  last\"><th class=\"date\"><a href=\"http:\/\/www.fkschwampel.net\/?tb_match=1316\">3. Januar 2009<\/a><\/td><td class=\"home\"><a class=\"tb-club-link\" href=\"http:\/\/www.fkschwampel.net\/?tb_club=fk-schwampel\"><img width=\"25\" height=\"25\" src=\"http:\/\/www.fkschwampel.net\/fks_wp\/wp-content\/uploads\/2014\/02\/fks_logo-25x25.png\" class=\"crest-home crest wp-post-image\" alt=\"\" loading=\"lazy\" title=\"FK Schwampel\" srcset=\"http:\/\/www.fkschwampel.net\/fks_wp\/wp-content\/uploads\/2014\/02\/fks_logo-25x25.png 25w, http:\/\/www.fkschwampel.net\/fks_wp\/wp-content\/uploads\/2014\/02\/fks_logo-100x100.png 100w, http:\/\/www.fkschwampel.net\/fks_wp\/wp-content\/uploads\/2014\/02\/fks_logo-50x50.png 50w, http:\/\/www.fkschwampel.net\/fks_wp\/wp-content\/uploads\/2014\/02\/fks_logo-119x120.png 119w, http:\/\/www.fkschwampel.net\/fks_wp\/wp-content\/uploads\/2014\/02\/fks_logo.png 147w\" sizes=\"(max-width: 25px) 100vw, 25px\" \/>FK Schwampel<\/a><\/td>\r\n\t\t\t\t\t<td class=\"away\"><a class=\"tb-club-link\" href=\"http:\/\/www.fkschwampel.net\/?tb_club=sf-goldscheuer\"><img width=\"25\" height=\"25\" src=\"http:\/\/www.fkschwampel.net\/fks_wp\/wp-content\/uploads\/2014\/03\/25378-25x25.gif\" class=\"crest-away crest wp-post-image\" alt=\"\" loading=\"lazy\" title=\"SF Goldscheuer\" srcset=\"http:\/\/www.fkschwampel.net\/fks_wp\/wp-content\/uploads\/2014\/03\/25378-25x25.gif 25w, http:\/\/www.fkschwampel.net\/fks_wp\/wp-content\/uploads\/2014\/03\/25378.gif 100w, http:\/\/www.fkschwampel.net\/fks_wp\/wp-content\/uploads\/2014\/03\/25378-50x50.gif 50w\" sizes=\"(max-width: 25px) 100vw, 25px\" \/>SF Goldscheuer<\/a><\/td><td class=\"competition\">2009 \/ Sindelfinger Glaspalast<br \/><\/td><td class=\"goals\">0 - 3<\/td><\/tr><\/tbody><\/table><\/section>\n","protected":false},"excerpt":{"rendered":"","protected":false},"author":1,"featured_media":0,"parent":937,"menu_order":0,"comment_status":"closed","ping_status":"open","template":"page-onecolumn.php","meta":{"ngg_post_thumbnail":0},"aioseo_notices":[],"_links":{"self":[{"href":"http:\/\/www.fkschwampel.net\/index.php?rest_route=\/wp\/v2\/pages\/1303"}],"collection":[{"href":"http:\/\/www.fkschwampel.net\/index.php?rest_route=\/wp\/v2\/pages"}],"about":[{"href":"http:\/\/www.fkschwampel.net\/index.php?rest_route=\/wp\/v2\/types\/page"}],"author":[{"embeddable":true,"href":"http:\/\/www.fkschwampel.net\/index.php?rest_route=\/wp\/v2\/users\/1"}],"replies":[{"embeddable":true,"href":"http:\/\/www.fkschwampel.net\/index.php?rest_route=%2Fwp%2Fv2%2Fcomments&post=1303"}],"version-history":[{"count":2,"href":"http:\/\/www.fkschwampel.net\/index.php?rest_route=\/wp\/v2\/pages\/1303\/revisions"}],"predecessor-version":[{"id":1819,"href":"http:\/\/www.fkschwampel.net\/index.php?rest_route=\/wp\/v2\/pages\/1303\/revisions\/1819"}],"up":[{"embeddable":true,"href":"http:\/\/www.fkschwampel.net\/index.php?rest_route=\/wp\/v2\/pages\/937"}],"wp:attachment":[{"href":"http:\/\/www.fkschwampel.net\/index.php?rest_route=%2Fwp%2Fv2%2Fmedia&parent=1303"}],"curies":[{"name":"wp","href":"https:\/\/api.w.org\/{rel}","templated":true}]}}